{"id":126,"date":"2023-09-18T11:32:42","date_gmt":"2023-09-18T11:32:42","guid":{"rendered":"https:\/?page_id=126"},"modified":"2025-03-13T20:39:53","modified_gmt":"2025-03-13T20:39:53","slug":"home_tr","status":"publish","type":"page","link":"https:\/\/samsungroep.com\/index.php\/tr\/home_tr\/","title":{"rendered":"Home_TR"},"content":{"rendered":"\n\t<section class=\"section dark\" id=\"section_1266884698\">\n\t\t<div class=\"section-bg fill\" >\n\t\t\t<img loading=\"lazy\" decoding=\"async\" width=\"1600\" height=\"1067\" src=\"https:\/\/samsungroep.com\/wp-content\/uploads\/2023\/09\/front4.jpg\" class=\"bg attachment- size-\" alt=\"\" \/>\t\t\t\t\t\t<div class=\"section-bg-overlay absolute fill\"><\/div>\n\t\t\t\n\n\t\t<\/div>\n\n\t\t\n\n\t\t<div class=\"section-content relative\">\n\t\t\t\n<div class=\"row\"  id=\"row-1501669293\">\n\n\t<div id=\"col-1274418908\" class=\"col medium-8 small-12 large-6\"  >\n\t\t\t\t<div class=\"col-inner\"  >\n\t\t\t\n\t\t\t\n\t<div id=\"text-2051250782\" class=\"text\">\n\t\t\n<p><span style=\"color: #999999; font-family: verdana, geneva, sans-serif;\"><span style=\"color: #f1dd72;\">SAMSUN GRUP<\/span><br \/>\n<span style=\"color: #f1dd72;\">Vakif y\u00f6netim ofisi<\/span><\/span><\/p>\n<p><span style=\"color: #999999; font-family: verdana, geneva, sans-serif;\">\u00a0<\/span><\/p>\n\t\t\n<style>\n#text-2051250782 {\n  font-size: 1rem;\n  text-align: center;\n}\n@media (min-width:550px) {\n  #text-2051250782 {\n    font-size: 1.25rem;\n  }\n}\n<\/style>\n\t<\/div>\n\t\n\t<div id=\"gap-1780800263\" class=\"gap-element clearfix hide-for-small\" style=\"display:block; height:auto;\">\n\t\t\n<style>\n#gap-1780800263 {\n  padding-top: 100px;\n}\n<\/style>\n\t<\/div>\n\t\n\t\t<\/div>\n\t\t\t\t\t<\/div>\n\n\t\n<\/div>\n\t\t<\/div>\n\n\t\t\n<style>\n#section_1266884698 {\n  padding-top: 80px;\n  padding-bottom: 80px;\n  min-height: 350px;\n}\n#section_1266884698 .section-bg-overlay {\n  background-color: rgba(0, 0, 0, 0.41);\n}\n#section_1266884698 .section-bg img {\n  object-position: 32% 39%;\n}\n@media (min-width:550px) {\n  #section_1266884698 {\n    min-height: 600px;\n  }\n}\n@media (min-width:850px) {\n  #section_1266884698 {\n    min-height: 700px;\n  }\n}\n<\/style>\n\t<\/section>\n\t\n\n\t<section class=\"section\" id=\"section_1643722315\">\n\t\t<div class=\"section-bg fill\" >\n\t\t\t\t\t\t\t\t\t\n\t\t\t\n\n\t\t<\/div>\n\n\t\t\n\n\t\t<div class=\"section-content relative\">\n\t\t\t\n<span class=\"scroll-to\" data-label=\"Scroll to: #overonsTR\" data-bullet=\"true\" data-link=\"#overonsTR\" data-title=\"SG Hakk\u0131nda\"><a name=\"overonsTR\"><\/a><\/span>\n\t<div id=\"gap-34621480\" class=\"gap-element clearfix show-for-small\" style=\"display:block; height:auto;\">\n\t\t\n<style>\n#gap-34621480 {\n  padding-top: 50px;\n}\n@media (min-width:550px) {\n  #gap-34621480 {\n    padding-top: 100px;\n  }\n}\n<\/style>\n\t<\/div>\n\t\n<div class=\"row row-collapse row-full-width align-middle\"  id=\"row-925802872\">\n\n\t<div id=\"col-1968509780\" class=\"col medium-12 small-12 large-6\"  >\n\t\t\t\t<div class=\"col-inner\"  >\n\t\t\t\n\t\t\t\n<div class=\"row\"  id=\"row-713778353\">\n\n\t<div id=\"col-1542572169\" class=\"col small-12 large-12\"  >\n\t\t\t\t<div class=\"col-inner\"  >\n\t\t\t\n\t\t\t\n\t<div id=\"text-3237047712\" class=\"text\">\n\t\t\n<h2><span style=\"color: #f1dd72; font-family: verdana, geneva, sans-serif;\">SAMSUN GRUP Hollanda<br \/>\n<\/span><\/h2>\n<p><span style=\"font-family: verdana, geneva, sans-serif; color: #f1dd72;\">Ofis alan\u0131, i\u015f alan\u0131 veya ev kiralay\u0131n. Samsun grubu b\u00f6lgenin en b\u00fcy\u00fck gayrimenkul sa\u011flay\u0131c\u0131lar\u0131ndan biridir. En iyi emlak acenteleriyle i\u015fbirli\u011fi yaparak sundu\u011fumuz hizmetlerin kalitesini yak\u0131ndan takip ediyoruz. Size yaln\u0131zca y\u00fcksek kaliteli ticari m\u00fclkler ve evlere ili\u015fkin g\u00fczel bir genel bak\u0131\u015f sunuyoruz. Gayrimenkul m\u00fc ar\u0131yorsunuz? Samsun Grup Hollanda, gayrimenkul\u00fcn geli\u015ftirilmesi, hayata ge\u00e7irilmesi, i\u015fletilmesi ve kullan\u0131lmas\u0131 konular\u0131nda m\u00fc\u015fterilere rehberlik eder ve onlar\u0131n y\u00fck\u00fcn\u00fc hafifletir.<\/span><\/p>\n<p><span style=\"font-family: verdana, geneva, sans-serif; color: #f1dd72;\">Gayrimenkul sahibi misiniz ve h\u00e2l\u00e2 kiralayabilece\u011finiz bir i\u015f yeriniz veya eviniz var m\u0131? Sizinle ileti\u015fime ge\u00e7mek istiyoruz. Birlikte profesyonel ve sorunsuz bir i\u015fbirli\u011fi arayaca\u011f\u0131z.<\/span><\/p>\n<p><span style=\"font-family: verdana, geneva, sans-serif; color: #f1dd72;\">\u00a0<\/span><\/p>\n\t\t\n<style>\n#text-3237047712 {\n  font-size: 0.75rem;\n  text-align: center;\n}\n@media (min-width:550px) {\n  #text-3237047712 {\n    font-size: 0.9rem;\n  }\n}\n<\/style>\n\t<\/div>\n\t\n<a class=\"button primary is-link lowercase\" >\n\t\t<span>Bel ons: +31 77 3511111<\/span>\n\t<\/a>\n\n\t\t<\/div>\n\t\t\t\t\t<\/div>\n\n\t\n\n<style>\n#row-713778353 > .col > .col-inner {\n  padding: 5% 5% 5% 5%;\n}\n@media (min-width:550px) {\n  #row-713778353 > .col > .col-inner {\n    padding: 10% 10% 10% 10%;\n  }\n}\n@media (min-width:850px) {\n  #row-713778353 > .col > .col-inner {\n    padding: 15% 15% 15% 15%;\n  }\n}\n<\/style>\n<\/div>\n\t\t<\/div>\n\t\t\t\t\t<\/div>\n\n\t\n\n\t<div id=\"col-71638527\" class=\"col medium-12 small-12 large-6\"  >\n\t\t\t\t<div class=\"col-inner\"  >\n\t\t\t\n\t\t\t\n\n  <div class=\"banner has-hover hide-for-small\" id=\"banner-249695488\">\n          <div class=\"banner-inner fill\">\n        <div class=\"banner-bg fill\" >\n            <img loading=\"lazy\" decoding=\"async\" width=\"1020\" height=\"678\" src=\"https:\/\/samsungroep.com\/wp-content\/uploads\/2023\/09\/lucas-gallone-cZTwzI0DJZA-unsplash-2500x1662-1-1024x681.jpg\" class=\"bg attachment-large size-large\" alt=\"\" \/>                                    \n                    <\/div>\n\t\t\n        <div class=\"banner-layers container\">\n            <div class=\"fill banner-link\"><\/div>            \n        <\/div>\n      <\/div>\n\n            \n<style>\n#banner-249695488 {\n  padding-top: 50%;\n}\n@media (min-width:850px) {\n  #banner-249695488 {\n    padding-top: 99.99%;\n  }\n}\n<\/style>\n  <\/div>\n\n\n\t\t<\/div>\n\t\t\t\t\t<\/div>\n\n\t\n<\/div>\n\t\t<\/div>\n\n\t\t\n<style>\n#section_1643722315 {\n  padding-top: 0px;\n  padding-bottom: 0px;\n}\n<\/style>\n\t<\/section>\n\t\n<span class=\"scroll-to\" data-label=\"Scroll to: #bezighedenTR\" data-bullet=\"true\" data-link=\"#bezighedenTR\" data-title=\"M\u00fclk\"><a name=\"bezighedenTR\"><\/a><\/span>\n\n\t<section class=\"section\" id=\"section_761771313\">\n\t\t<div class=\"section-bg fill\" >\n\t\t\t\t\t\t\t\t\t\n\t\t\t\n\n\t\t<\/div>\n\n\t\t\n\n\t\t<div class=\"section-content relative\">\n\t\t\t\n<div class=\"row row-collapse row-full-width\"  id=\"row-428790547\">\n\n\t<div id=\"col-1155137935\" class=\"col medium-4 small-12 large-4\"  >\n\t\t\t\t<div class=\"col-inner\"  >\n\t\t\t\n\t\t\t\n\t<div class=\"box has-hover   has-hover box-shade dark box-text-bottom\" >\n\n\t\t<div class=\"box-image\" >\n\t\t\t\t\t\t<div class=\"image-overlay-add image-cover\" style=\"padding-top:120%;\">\n\t\t\t\t<img loading=\"lazy\" decoding=\"async\" width=\"800\" height=\"1000\" src=\"https:\/\/samsungroep.com\/wp-content\/uploads\/2023\/09\/anthony-esau-N2zk9yXjmLA-unsplash-edited.jpg\" class=\"attachment- size-\" alt=\"\" srcset=\"https:\/\/samsungroep.com\/wp-content\/uploads\/2023\/09\/anthony-esau-N2zk9yXjmLA-unsplash-edited.jpg 800w, https:\/\/samsungroep.com\/wp-content\/uploads\/2023\/09\/anthony-esau-N2zk9yXjmLA-unsplash-edited-240x300.jpg 240w, https:\/\/samsungroep.com\/wp-content\/uploads\/2023\/09\/anthony-esau-N2zk9yXjmLA-unsplash-edited-768x960.jpg 768w\" sizes=\"auto, (max-width: 800px) 100vw, 800px\" \/>\t\t\t\t<div class=\"overlay\" style=\"background-color:rgba(0, 0, 0, 0.5)\"><\/div>\t\t\t\t<div class=\"shade\"><\/div>\t\t\t<\/div>\n\t\t\t\t\t<\/div>\n\n\t\t<div class=\"box-text text-left is-large\" style=\"padding:0px 40px 40px 40px;\">\n\t\t\t<div class=\"box-text-inner\">\n\t\t\t\t\n\t<div id=\"text-2333868378\" class=\"text\">\n\t\t\n<h2><span style=\"color: #f1dd72; font-family: verdana, geneva, sans-serif;\">M\u00fclk<\/span><\/h2>\n\t\t\n<style>\n#text-2333868378 {\n  font-size: 1.1rem;\n  text-align: center;\n}\n@media (min-width:550px) {\n  #text-2333868378 {\n    font-size: 1.25rem;\n  }\n}\n<\/style>\n\t<\/div>\n\t\n\t\t\t<\/div>\n\t\t<\/div>\n\t<\/div>\n\t\n\t\t<\/div>\n\t\t\t\t\t<\/div>\n\n\t\n\n\t<div id=\"col-1440004801\" class=\"col medium-4 small-12 large-4\"  >\n\t\t\t\t<div class=\"col-inner\"  >\n\t\t\t\n\t\t\t\n\t<div class=\"box has-hover   has-hover box-shade dark box-text-bottom\" >\n\n\t\t<div class=\"box-image\" >\n\t\t\t\t\t\t<div class=\"image-overlay-add image-cover\" style=\"padding-top:120%;\">\n\t\t\t\t<img loading=\"lazy\" decoding=\"async\" width=\"800\" height=\"1207\" src=\"https:\/\/samsungroep.com\/wp-content\/uploads\/2023\/09\/siyan-peng-HxUemC8YhKQ-unsplash-edited.jpg\" class=\"attachment- size-\" alt=\"\" srcset=\"https:\/\/samsungroep.com\/wp-content\/uploads\/2023\/09\/siyan-peng-HxUemC8YhKQ-unsplash-edited.jpg 800w, https:\/\/samsungroep.com\/wp-content\/uploads\/2023\/09\/siyan-peng-HxUemC8YhKQ-unsplash-edited-199x300.jpg 199w, https:\/\/samsungroep.com\/wp-content\/uploads\/2023\/09\/siyan-peng-HxUemC8YhKQ-unsplash-edited-679x1024.jpg 679w, https:\/\/samsungroep.com\/wp-content\/uploads\/2023\/09\/siyan-peng-HxUemC8YhKQ-unsplash-edited-768x1159.jpg 768w\" sizes=\"auto, (max-width: 800px) 100vw, 800px\" \/>\t\t\t\t<div class=\"overlay\" style=\"background-color:rgba(0, 0, 0, 0.5)\"><\/div>\t\t\t\t<div class=\"shade\"><\/div>\t\t\t<\/div>\n\t\t\t\t\t<\/div>\n\n\t\t<div class=\"box-text text-left is-large\" style=\"padding:0px 40px 40px 40px;\">\n\t\t\t<div class=\"box-text-inner\">\n\t\t\t\t\n\t<div id=\"text-2765074181\" class=\"text\">\n\t\t\n<h2><span style=\"color: #f1dd72;\">M\u00fclkiyet y\u00f6netimi<\/span><\/h2>\n\t\t\n<style>\n#text-2765074181 {\n  font-size: 1.1rem;\n  text-align: center;\n}\n@media (min-width:550px) {\n  #text-2765074181 {\n    font-size: 1.25rem;\n  }\n}\n<\/style>\n\t<\/div>\n\t\n\t\t\t<\/div>\n\t\t<\/div>\n\t<\/div>\n\t\n\t\t<\/div>\n\t\t\t\t\t<\/div>\n\n\t\n\n\t<div id=\"col-1230543912\" class=\"col medium-4 small-12 large-4\"  >\n\t\t\t\t<div class=\"col-inner\"  >\n\t\t\t\n\t\t\t\n\t<div class=\"box has-hover   has-hover box-shade dark box-text-bottom\" >\n\n\t\t<div class=\"box-image\" >\n\t\t\t\t\t\t<div class=\"image-overlay-add image-cover\" style=\"padding-top:120%;\">\n\t\t\t\t<img loading=\"lazy\" decoding=\"async\" width=\"800\" height=\"1058\" src=\"https:\/\/samsungroep.com\/wp-content\/uploads\/2023\/09\/patrick-schopflin-BnlNjW3AQZ0-unsplash-edited.jpg\" class=\"attachment- size-\" alt=\"\" srcset=\"https:\/\/samsungroep.com\/wp-content\/uploads\/2023\/09\/patrick-schopflin-BnlNjW3AQZ0-unsplash-edited.jpg 800w, https:\/\/samsungroep.com\/wp-content\/uploads\/2023\/09\/patrick-schopflin-BnlNjW3AQZ0-unsplash-edited-227x300.jpg 227w, https:\/\/samsungroep.com\/wp-content\/uploads\/2023\/09\/patrick-schopflin-BnlNjW3AQZ0-unsplash-edited-774x1024.jpg 774w, https:\/\/samsungroep.com\/wp-content\/uploads\/2023\/09\/patrick-schopflin-BnlNjW3AQZ0-unsplash-edited-768x1016.jpg 768w\" sizes=\"auto, (max-width: 800px) 100vw, 800px\" \/>\t\t\t\t<div class=\"overlay\" style=\"background-color:rgba(0, 0, 0, 0.5)\"><\/div>\t\t\t\t<div class=\"shade\"><\/div>\t\t\t<\/div>\n\t\t\t\t\t<\/div>\n\n\t\t<div class=\"box-text text-left is-large\" style=\"padding:0px 40px 40px 40px;\">\n\t\t\t<div class=\"box-text-inner\">\n\t\t\t\t\n\t<div id=\"text-2997279275\" class=\"text\">\n\t\t\n<h2><span style=\"color: #f1dd72; font-family: verdana, geneva, sans-serif;\">Kiralik<\/span><\/h2>\n\t\t\n<style>\n#text-2997279275 {\n  font-size: 1.1rem;\n  text-align: center;\n}\n@media (min-width:550px) {\n  #text-2997279275 {\n    font-size: 1.25rem;\n  }\n}\n<\/style>\n\t<\/div>\n\t\n\t\t\t<\/div>\n\t\t<\/div>\n\t<\/div>\n\t\n\t\t<\/div>\n\t\t\t\t\t<\/div>\n\n\t\n<\/div>\n\t\t<\/div>\n\n\t\t\n<style>\n#section_761771313 {\n  padding-top: 0px;\n  padding-bottom: 0px;\n}\n<\/style>\n\t<\/section>\n\t\n<span class=\"scroll-to\" data-label=\"Scroll to: #contactTR\" data-bullet=\"true\" data-link=\"#contactTR\" data-title=\"Temas etmek\"><a name=\"contactTR\"><\/a><\/span>\n\n\t<section class=\"section dark\" id=\"section_124206458\">\n\t\t<div class=\"section-bg fill\" >\n\t\t\t\t\t\t\t\t\t\n\t\t\t\n\n\t\t<\/div>\n\n\t\t\n\n\t\t<div class=\"section-content relative\">\n\t\t\t\n<div class=\"row\"  id=\"row-1200980229\">\n\n\t<div id=\"col-179042951\" class=\"col medium-6 small-12 large-6\"  >\n\t\t\t\t<div class=\"col-inner\"  >\n\t\t\t\n\t\t\t\n\t<div id=\"text-66550598\" class=\"text\">\n\t\t\n<h2><span style=\"color: #f1dd72;\">Temas etmek<br \/>\n<\/span><\/h2>\n\t\t\n<style>\n#text-66550598 {\n  font-size: 1rem;\n  text-align: center;\n}\n<\/style>\n\t<\/div>\n\t\n\n<div class=\"wpcf7 no-js\" id=\"wpcf7-f143-o1\" lang=\"nl-NL\" dir=\"ltr\" data-wpcf7-id=\"143\">\n<div class=\"screen-reader-response\"><p role=\"status\" aria-live=\"polite\" aria-atomic=\"true\"><\/p> <ul><\/ul><\/div>\n<form action=\"\/index.php\/wp-json\/wp\/v2\/pages\/126#wpcf7-f143-o1\" method=\"post\" class=\"wpcf7-form init\" aria-label=\"Contactformulier\" novalidate=\"novalidate\" data-status=\"init\">\n<fieldset class=\"hidden-fields-container\"><input type=\"hidden\" name=\"_wpcf7\" value=\"143\" \/><input type=\"hidden\" name=\"_wpcf7_version\" value=\"6.1.5\" \/><input type=\"hidden\" name=\"_wpcf7_locale\" value=\"nl_NL\" \/><input type=\"hidden\" name=\"_wpcf7_unit_tag\" value=\"wpcf7-f143-o1\" \/><input type=\"hidden\" name=\"_wpcf7_container_post\" value=\"0\" \/><input type=\"hidden\" name=\"_wpcf7_posted_data_hash\" value=\"\" \/>\n<\/fieldset>\n<p><label> Ad\u0131n\u0131z*<br \/>\n<span class=\"wpcf7-form-control-wrap\" data-name=\"your-name\"><input size=\"40\" maxlength=\"400\" class=\"wpcf7-form-control wpcf7-text wpcf7-validates-as-required\" autocomplete=\"name\" aria-required=\"true\" aria-invalid=\"false\" value=\"\" type=\"text\" name=\"your-name\" \/><\/span> <\/label>\n<\/p>\n<p><label> E-posta adresiniz*<br \/>\n<span class=\"wpcf7-form-control-wrap\" data-name=\"your-email\"><input size=\"40\" maxlength=\"400\" class=\"wpcf7-form-control wpcf7-email wpcf7-validates-as-required wpcf7-text wpcf7-validates-as-email\" autocomplete=\"email\" aria-required=\"true\" aria-invalid=\"false\" value=\"\" type=\"email\" name=\"your-email\" \/><\/span> <\/label>\n<\/p>\n<p><label> Ders*<br \/>\n<span class=\"wpcf7-form-control-wrap\" data-name=\"your-subject\"><input size=\"40\" maxlength=\"400\" class=\"wpcf7-form-control wpcf7-text wpcf7-validates-as-required\" aria-required=\"true\" aria-invalid=\"false\" value=\"\" type=\"text\" name=\"your-subject\" \/><\/span> <\/label>\n<\/p>\n<p><label> Mesaj\u0131n*<br \/>\n<span class=\"wpcf7-form-control-wrap\" data-name=\"your-message\"><textarea cols=\"40\" rows=\"10\" maxlength=\"2000\" class=\"wpcf7-form-control wpcf7-textarea wpcf7-validates-as-required\" aria-required=\"true\" aria-invalid=\"false\" name=\"your-message\"><\/textarea><\/span> <\/label>\n<\/p>\n<p><label>L\u00fctfen do\u011fru cevab\u0131 girin.*<\/label><br \/>\n<input type=\"hidden\" name=\"_wpcf7_captcha_challenge_captcha-118\" value=\"2285283827\" \/><img loading=\"lazy\" decoding=\"async\" class=\"wpcf7-form-control wpcf7-captchac wpcf7-captcha-captcha-118\" width=\"84\" height=\"28\" alt=\"captcha\" src=\"https:\/\/samsungroep.com\/wp-content\/uploads\/wpcf7_captcha\/2285283827.png\" \/><br \/>\n<span class=\"wpcf7-form-control-wrap\" data-name=\"captcha-118\"><input size=\"4\" maxlength=\"4\" class=\"wpcf7-form-control wpcf7-captchar\" autocomplete=\"off\" aria-invalid=\"false\" value=\"\" type=\"text\" name=\"captcha-118\" \/><\/span>\n<\/p>\n<p><input class=\"wpcf7-form-control wpcf7-submit has-spinner\" type=\"submit\" value=\"G\u00f6ndermek\" \/>\n<\/p><div class=\"wpcf7-response-output\" aria-hidden=\"true\"><\/div>\n<\/form>\n<\/div>\n\n\t\t<\/div>\n\t\t\t\t\t<\/div>\n\n\t\n\n\t<div id=\"col-370564975\" class=\"col medium-6 small-12 large-6\"  >\n\t\t\t\t<div class=\"col-inner\"  >\n\t\t\t\n\t\t\t\n<div class=\"row align-center\"  id=\"row-665158990\">\n\n\t<div id=\"col-1142130413\" class=\"col medium-7 small-12 large-7\"  >\n\t\t\t\t<div class=\"col-inner\"  >\n\t\t\t\n\t\t\t\n\t<div id=\"text-1554964532\" class=\"text\">\n\t\t\n<p><span style=\"color: #f1dd72; font-family: verdana, geneva, sans-serif;\">SAMSUN GRUP<br \/>Vak\u0131f y\u00f6netim ofisi<br \/>Adres: Tegelseweg 59, 5912 BB<br \/>Venlo &#8211; Hollanda<br \/>Mobil: <a href=\"tel:+31613066112\">+31 (0)6 13066112<\/a><br \/>E-posta: <a href=\"mailto:info@samsungroup.com\">info@samsungroup.com<\/a><br \/>IBAN: NL 60 INGB 0008206498<br \/>K.v.K.: 80609392<br \/><\/span><\/p>\n\t\t\n<style>\n#text-1554964532 {\n  font-size: 0.75rem;\n  text-align: center;\n}\n@media (min-width:550px) {\n  #text-1554964532 {\n    font-size: 0.9rem;\n  }\n}\n<\/style>\n\t<\/div>\n\t\n\t<div id=\"gap-1413947880\" class=\"gap-element clearfix\" style=\"display:block; height:auto;\">\n\t\t\n<style>\n#gap-1413947880 {\n  padding-top: 10px;\n}\n<\/style>\n\t<\/div>\n\t\n\t\t<\/div>\n\t\t\t\t\t<\/div>\n\n\t\n<\/div>\n\t\t<\/div>\n\t\t\t\t\t<\/div>\n\n\t\n<\/div>\n\t\t<\/div>\n\n\t\t\n<style>\n#section_124206458 {\n  padding-top: 50px;\n  padding-bottom: 50px;\n  background-color: rgb(0, 0, 0);\n}\n<\/style>\n\t<\/section>\n\t\n<div class=\"text-center\"><div class=\"is-divider divider clearfix\" style=\"max-width:80%;height:1px;background-color:rgba(241, 221, 114, 0.5);\"><\/div><\/div>\n<div class=\"row\"  id=\"row-1245356874\">\n\n\t<div id=\"col-567688126\" class=\"col medium-4 small-12 large-4\"  >\n\t\t\t\t<div class=\"col-inner\"  >\n\t\t\t\n\t\t\t\n\t<div id=\"text-2392459271\" class=\"text\">\n\t\t\n<p style=\"text-align: center;\"><span style=\"color: #f1dd72; font-family: verdana, geneva, sans-serif; font-size: 90%;\">\u00a9 SAMSUN GROEP, her hakki saklidir<br \/>\n<\/span><\/p>\n\t\t\n<style>\n#text-2392459271 {\n  font-size: 0.75rem;\n  text-align: center;\n}\n@media (min-width:550px) {\n  #text-2392459271 {\n    font-size: 0.9rem;\n  }\n}\n<\/style>\n\t<\/div>\n\t\n\t\t<\/div>\n\t\t\t\t\t<\/div>\n\n\t\n\n\t<div id=\"col-320043431\" class=\"col hide-for-small medium-4 small-12 large-4\"  >\n\t\t\t\t<div class=\"col-inner\"  >\n\t\t\t\n\t\t\t\n\t\t<\/div>\n\t\t\t\t\t<\/div>\n\n\t\n\n\t<div id=\"col-1315164108\" class=\"col medium-4 small-12 large-4\"  >\n\t\t\t\t<div class=\"col-inner\"  >\n\t\t\t\n\t\t\t\n\t<div id=\"text-1074588561\" class=\"text\">\n\t\t\n<p style=\"text-align: center;\"><span style=\"color: #f1dd72; font-family: verdana, geneva, sans-serif; font-size: 90%;\"><a href=\"https:\/index.php\/disclaimer-nl\/\">Disclaimer NL<\/a>\u00a0 &#8211;\u00a0 <a href=\"https:\/index.php\/privacy-statement-nl\/\">Privacy statement NL<\/a><\/span><\/p>\n\t\t\n<style>\n#text-1074588561 {\n  font-size: 0.75rem;\n  text-align: center;\n}\n@media (min-width:550px) {\n  #text-1074588561 {\n    font-size: 0.9rem;\n  }\n}\n<\/style>\n\t<\/div>\n\t\n\t\t<\/div>\n\t\t\t\t\t<\/div>\n\n\t\n<\/div>\n","protected":false},"excerpt":{"rendered":"","protected":false},"author":1,"featured_media":0,"parent":0,"menu_order":0,"comment_status":"closed","ping_status":"closed","template":"page-blank.php","meta":{"footnotes":""},"class_list":["post-126","page","type-page","status-publish","hentry"],"lang":"tr","translations":{"tr":126,"en":123,"nl":30},"pll_sync_post":[],"_links":{"self":[{"href":"https:\/\/samsungroep.com\/index.php\/wp-json\/wp\/v2\/pages\/126","targetHints":{"allow":["GET"]}}],"collection":[{"href":"https:\/\/samsungroep.com\/index.php\/wp-json\/wp\/v2\/pages"}],"about":[{"href":"https:\/\/samsungroep.com\/index.php\/wp-json\/wp\/v2\/types\/page"}],"author":[{"embeddable":true,"href":"https:\/\/samsungroep.com\/index.php\/wp-json\/wp\/v2\/users\/1"}],"replies":[{"embeddable":true,"href":"https:\/\/samsungroep.com\/index.php\/wp-json\/wp\/v2\/comments?post=126"}],"version-history":[{"count":20,"href":"https:\/\/samsungroep.com\/index.php\/wp-json\/wp\/v2\/pages\/126\/revisions"}],"predecessor-version":[{"id":296,"href":"https:\/\/samsungroep.com\/index.php\/wp-json\/wp\/v2\/pages\/126\/revisions\/296"}],"wp:attachment":[{"href":"https:\/\/samsungroep.com\/index.php\/wp-json\/wp\/v2\/media?parent=126"}],"curies":[{"name":"wp","href":"https:\/\/api.w.org\/{rel}","templated":true}]}}